{"id":485,"date":"2014-05-26T21:40:01","date_gmt":"2014-05-26T21:40:01","guid":{"rendered":"http:\/\/www.allunitedsports.com\/wp\/?page_id=485"},"modified":"2014-07-29T11:15:29","modified_gmt":"2014-07-29T11:15:29","slug":"news","status":"publish","type":"page","link":"https:\/\/www.allunitedsports.com\/news\/","title":{"rendered":"News"},"content":{"rendered":"<div style=\"background: -moz-linear-gradient(top, rgba(242,242,242,1) 0%, rgba(255,255,255,0) 30%, rgba(242,242,242,0) 70%, rgba(242,242,242,1) 100%);\nbackground: -webkit-gradient(linear, left top, left bottom, color-stop(0%,rgba(242,242,242,1)), color-stop(30%,rgba(255,255,255,0)), color-stop(70%,rgba(242,242,242,0)), color-stop(100%,rgba(242,242,242,1)));\nbackground: -webkit-linear-gradient(top, rgba(242,242,242,1) 0%,rgba(255,255,255,0) 30%,rgba(242,242,242,0) 70%,rgba(242,242,242,1) 100%);\nbackground: -o-linear-gradient(top, rgba(242,242,242,1) 0%,rgba(255,255,255,0) 30%,rgba(242,242,242,0) 70%,rgba(242,242,242,1) 100%);\nbackground: -ms-linear-gradient(top, rgba(242,242,242,1) 0%,rgba(255,255,255,0) 30%,rgba(242,242,242,0) 70%,rgba(242,242,242,1) 100%);\nbackground: linear-gradient(to bottom, rgba(242,242,242,1) 0%,rgba(255,255,255,0) 30%,rgba(242,242,242,0) 70%,rgba(242,242,242,1) 100%);\" class=\"et_pb_section\">\n\t\t\t<div class=\"et_pb_row\">\n\t\t\t<div class=\"et_pb_column et_pb_column_3_4\">\n\t\t\t<div class=\"et_pb_posts et_pb_bg_layout_light\">\n\t\t\t\n\t\t\t<article id=\"post-5306\" class=\"et_pb_post post-5306 post type-post status-publish format-standard hentry category-novidades tag-all-united-sports tag-allunitedsports tag-cultura tag-cultura-fitness tag-estrategia-marketing-fitness tag-exercicio-fisico tag-fitness tag-fitness-consulting tag-gestao tag-gestao-de-clubes-de-fitness tag-gestao-de-ginasios tag-gestao-de-ginasios-e-health-clubs tag-gestao-estrategica tag-gestao-na-industria-do-fitness tag-ginasio tag-industria-do-fitness tag-mercado-do-fitness\">\n\n\t\t\n\t\t\t\t<h2 style=\"color:#19b1e5\"><a href=\"https:\/\/www.allunitedsports.com\/news\/novo-exercise-studio-em-alvalade\/\">Novo Exercise Studio em Alvalade!<\/a><\/h2>\n\n\t\t\t<p class=\"post-meta\"> 2025\/01\/30 <a href=\"https:\/\/www.allunitedsports.com\/news\/category\/novidades\/\" rel=\"category tag\">Novidades<\/a><\/p><p><a href=\"http:\/\/www.allunitedsports.com\/news\/wp-content\/uploads\/2025\/01\/studio.png\"><img loading=\"lazy\" decoding=\"async\" class=\"alignnone size-full wp-image-5317\" alt=\"studio\" src=\"http:\/\/www.allunitedsports.com\/news\/wp-content\/uploads\/2025\/01\/studio.png\" width=\"1200\" height=\"630\" srcset=\"https:\/\/www.allunitedsports.com\/news\/wp-content\/uploads\/2025\/01\/studio.png 1200w, https:\/\/www.allunitedsports.com\/news\/wp-content\/uploads\/2025\/01\/studio-300x157.png 300w, https:\/\/www.allunitedsports.com\/news\/wp-content\/uploads\/2025\/01\/studio-1024x537.png 1024w, https:\/\/www.allunitedsports.com\/news\/wp-content\/uploads\/2025\/01\/studio-1080x567.png 1080w\" sizes=\"auto, (max-width: 1200px) 100vw, 1200px\" \/><\/a><\/p>\n<p>No pr\u00f3ximo dia 17 de fevereiro vai abrir a nova unidade do Exercise Studio em Alvalade.<\/p>\n<p>Este novo espa\u00e7o ter\u00e1 400 m2, m\u00e1quinas de for\u00e7a Nautilus One e m\u00e1quinas de cardio BH, de forma a oferecer aos seus clientes a melhor experi\u00eancia e os melhores resultados. O M\u00e9todo EXS SMART \u00e9 o principal fator de diferencia\u00e7\u00e3o e \u00e9 um programa inovador de treino acompanhado que promove resultados sem a necessidade de treinar durante muito tempo, sendo poss\u00edvel atingir os seus objetivos com sess\u00f5es de 30 minutos.\u00a0Um treino seguro, individualizado e sempre acompanhado por um treinador especialista formado pela EXS Exercise School \u00e9 tudo o que poder\u00e1 encontrar nesta nova unidade.<\/p>\n\n\t\t\t<\/article> <!-- .et_pb_post -->\n\n\t\t\t<article id=\"post-5305\" class=\"et_pb_post post-5305 post type-post status-publish format-standard hentry category-novidades tag-all-united-sports tag-allunitedsports tag-cultura tag-cultura-fitness tag-estrategia-marketing-fitness tag-exercicio-fisico tag-fitness tag-fitness-consulting tag-gestao tag-gestao-de-clubes-de-fitness tag-gestao-de-ginasios tag-gestao-de-ginasios-e-health-clubs tag-gestao-estrategica tag-gestao-na-industria-do-fitness tag-ginasio tag-industria-do-fitness tag-mercado-do-fitness\">\n\n\t\t\n\t\t\t\t<h2 style=\"color:#19b1e5\"><a href=\"https:\/\/www.allunitedsports.com\/news\/supera-vai-abrir-centro-desportivo-em-coimbra\/\">Supera vai abrir Centro Desportivo em Coimbra<\/a><\/h2>\n\n\t\t\t<p class=\"post-meta\"> 2025\/01\/30 <a href=\"https:\/\/www.allunitedsports.com\/news\/category\/novidades\/\" rel=\"category tag\">Novidades<\/a><\/p><p><a href=\"http:\/\/www.allunitedsports.com\/news\/wp-content\/uploads\/2025\/01\/supera1.png\"><img loading=\"lazy\" decoding=\"async\" class=\"alignnone size-full wp-image-5313\" alt=\"supera\" src=\"http:\/\/www.allunitedsports.com\/news\/wp-content\/uploads\/2025\/01\/supera1.png\" width=\"1200\" height=\"630\" srcset=\"https:\/\/www.allunitedsports.com\/news\/wp-content\/uploads\/2025\/01\/supera1.png 1200w, https:\/\/www.allunitedsports.com\/news\/wp-content\/uploads\/2025\/01\/supera1-300x157.png 300w, https:\/\/www.allunitedsports.com\/news\/wp-content\/uploads\/2025\/01\/supera1-1024x537.png 1024w, https:\/\/www.allunitedsports.com\/news\/wp-content\/uploads\/2025\/01\/supera1-1080x567.png 1080w\" sizes=\"auto, (max-width: 1200px) 100vw, 1200px\" \/><\/a><\/p>\n<p>A Supera continua o seu forte investimento em Portugal, agora com a abertura do novo Centro Desportivo Supera Coimbra prevista para o pr\u00f3ximo ver\u00e3o. Este novo espa\u00e7o representa um investimento de perto de 11 milh\u00f5es de euros e est\u00e1 na fase final de constru\u00e7\u00e3o. S\u00e3o 10 mil metros quadrados, que incluem um piscina interior aquecida de 25 metros, com seis pistas, uma outra destinada \u00e0 aprendizagem e uma grande \u00e1rea externa, com uma piscina exterior de 25 metros, com quatro pistas, e um sol\u00e1rio.<\/p>\n<p>O complexo inclui, ainda, uma zona de\u00a0<em>spa<\/em>\u00a0com jacuzzi, sauna, banho a vapor e chuveiros sensoriais, bem como uma sala de quase 1.200 metros quadrados equipada com m\u00e1quinas modernas, vesti\u00e1rios e salas de aulas de grupo para a pr\u00e1tica das mais diversas modalidades, tais como Zumba,\u00a0<em>Body Combat<\/em>,\u00a0<em>Body Pump<\/em>,\u00a0<em>Body Balance<\/em>, Pilates,\u00a0<em>Bike<\/em>. Est\u00e3o, ainda, previstos 130 lugares de estacionamento em piso subterr\u00e2neo e mais no exterior do espa\u00e7o.<\/p>\n<p>Esta ser\u00e1 a 5\u00aa unidade em Portugal cimentando assim a forte presen\u00e7a da marca em territ\u00f3rio nacional.\u00a0Desta forma, a empresa passa a contar com 41 grandes instala\u00e7\u00f5es na Pen\u00ednsula Ib\u00e9rica, al\u00e9m de 14 gin\u00e1sios locais abertos 24 horas. Com esta iminente abertura, a Supera continua com a sua aposta pela sa\u00fade, no desporto e no lazer respons\u00e1vel e oferece os seus servi\u00e7os a 200 mil s\u00f3cios em todos os seus centros.<\/p>\n\n\t\t\t<\/article> <!-- .et_pb_post -->\n\n\t\t\t<article id=\"post-5303\" class=\"et_pb_post post-5303 post type-post status-publish format-standard hentry category-novidades tag-all-united-sports tag-allunitedsports tag-cultura tag-cultura-fitness tag-estrategia-marketing-fitness tag-exercicio-fisico tag-fitness tag-fitness-consulting tag-gestao tag-gestao-de-clubes-de-fitness tag-gestao-de-ginasios tag-gestao-de-ginasios-e-health-clubs tag-gestao-estrategica tag-gestao-na-industria-do-fitness tag-ginasio tag-industria-do-fitness tag-mercado-do-fitness\">\n\n\t\t\n\t\t\t\t<h2 style=\"color:#19b1e5\"><a href=\"https:\/\/www.allunitedsports.com\/news\/barometro-do-fitness-2024\/\">Bar\u00f3metro do Fitness 2024<\/a><\/h2>\n\n\t\t\t<p class=\"post-meta\"> 2025\/01\/30 <a href=\"https:\/\/www.allunitedsports.com\/news\/category\/novidades\/\" rel=\"category tag\">Novidades<\/a><\/p><p><a href=\"http:\/\/www.allunitedsports.com\/news\/wp-content\/uploads\/2025\/01\/barometro.png\"><img loading=\"lazy\" decoding=\"async\" class=\"alignnone size-full wp-image-5307\" alt=\"barometro\" src=\"http:\/\/www.allunitedsports.com\/news\/wp-content\/uploads\/2025\/01\/barometro.png\" width=\"1200\" height=\"630\" srcset=\"https:\/\/www.allunitedsports.com\/news\/wp-content\/uploads\/2025\/01\/barometro.png 1200w, https:\/\/www.allunitedsports.com\/news\/wp-content\/uploads\/2025\/01\/barometro-300x157.png 300w, https:\/\/www.allunitedsports.com\/news\/wp-content\/uploads\/2025\/01\/barometro-1024x537.png 1024w, https:\/\/www.allunitedsports.com\/news\/wp-content\/uploads\/2025\/01\/barometro-1080x567.png 1080w\" sizes=\"auto, (max-width: 1200px) 100vw, 1200px\" \/><\/a><\/p>\n<p>Est\u00e1 a decorrer a recolha de dados para a realiza\u00e7\u00e3o do Bar\u00f3metro do Fitness de 2024, realizado pela Portugal Activo com a colabora\u00e7\u00e3o da Dra. Vera Pedragosa. A colabora\u00e7\u00e3o dos diversos clubes \u00e9 essencial para que este documento represente da melhor forma a realidade nacional e para que traga insights essenciais sobre o mercado do Fitness em Portugal. Este estudo \u00e9 realizado desde 2016 e representa uma das ferramentas mais \u00fateis para os donos dos gin\u00e1sio e para qualquer pessoa que trabalhe neste setor.<\/p>\n<p>Algumas das informa\u00e7\u00f5es que podemos contar que estejam presentes neste relat\u00f3rio s\u00e3o o volume de fatura\u00e7\u00e3o do setor, a taxa de penetra\u00e7\u00e3o no mercado, o n\u00famero de instrutores e funcion\u00e1rios e o n\u00famero de s\u00f3cios ativos nos diversos centros de Fitness. Estes dados s\u00e3o essenciais para perceber a trajet\u00f3ria do mercado e para detetar algumas oportunidades que podem ficar evidenciadas pelos n\u00fameros. O report do ano passado evidenciou uma recupera\u00e7\u00e3o relativamente aos valores recolhidos durante a pandemia, sendo que uma das previs\u00f5es foi de que o ano de 2024 continuasse esta trajet\u00f3ria positiva e que se atinjam n\u00famero at\u00e9 superiores aos vistos antes do per\u00edodo pand\u00e9mico.<\/p>\n<p>Ap\u00f3s a publica\u00e7\u00e3o deste report, iremos fazer uma an\u00e1lise aprofundada aos resultados evidenciados salientado os pontos mais importantes e que tipo de a\u00e7\u00f5es poder\u00e1 fazer de forma a capitalizar estas oportunidades.<\/p>\n\n\t\t\t<\/article> <!-- .et_pb_post -->\n\n\t\t\t<article id=\"post-5294\" class=\"et_pb_post post-5294 post type-post status-publish format-standard hentry category-novidades tag-all-united-sports tag-allunitedsports tag-cultura tag-cultura-fitness tag-estrategia-marketing-fitness tag-exercicio-fisico tag-fitness tag-fitness-consulting tag-gestao tag-gestao-de-clubes-de-fitness tag-gestao-de-ginasios tag-gestao-de-ginasios-e-health-clubs tag-gestao-estrategica tag-gestao-na-industria-do-fitness tag-ginasio tag-industria-do-fitness tag-mercado-do-fitness\">\n\n\t\t\n\t\t\t\t<h2 style=\"color:#19b1e5\"><a href=\"https:\/\/www.allunitedsports.com\/news\/30o-fitness-factory-em-portugal\/\">30\u00ba Fitness Factory em Portugal<\/a><\/h2>\n\n\t\t\t<p class=\"post-meta\"> 2024\/11\/27 <a href=\"https:\/\/www.allunitedsports.com\/news\/category\/novidades\/\" rel=\"category tag\">Novidades<\/a><\/p><p><a href=\"http:\/\/www.allunitedsports.com\/news\/wp-content\/uploads\/2024\/11\/Factory.png\"><img loading=\"lazy\" decoding=\"async\" class=\"alignnone size-full wp-image-5295\" alt=\"Factory\" src=\"http:\/\/www.allunitedsports.com\/news\/wp-content\/uploads\/2024\/11\/Factory.png\" width=\"1200\" height=\"630\" srcset=\"https:\/\/www.allunitedsports.com\/news\/wp-content\/uploads\/2024\/11\/Factory.png 1200w, https:\/\/www.allunitedsports.com\/news\/wp-content\/uploads\/2024\/11\/Factory-300x157.png 300w, https:\/\/www.allunitedsports.com\/news\/wp-content\/uploads\/2024\/11\/Factory-1024x537.png 1024w, https:\/\/www.allunitedsports.com\/news\/wp-content\/uploads\/2024\/11\/Factory-1080x567.png 1080w\" sizes=\"auto, (max-width: 1200px) 100vw, 1200px\" \/><\/a><\/p>\n<p>O grupo Balance Company continua a sua expans\u00e3o no territ\u00f3rio nacional, alcan\u00e7ando as 52 unidades em funcionamento. Este novo espa\u00e7o em Palmela conta com 1.100 m\u00b2, sendo uma unidade com uma vasta oferta de servi\u00e7os que est\u00e1 pronta para as necessidades da popula\u00e7\u00e3o desta localidade, marcando o 30\u00ba espa\u00e7o Fitness Factory inaugurado em Portugal.<\/p>\n<p>Este espa\u00e7o conta com\u00a01 sala de cardiomuscula\u00e7\u00e3o com 400 m2,\u00a02 est\u00fadios para aulas de grupo, uma \u00c1rea 51 Crosstraining,\u00a03 gabinetes para servi\u00e7os de nutri\u00e7\u00e3o, avalia\u00e7\u00f5es f\u00edsicas e fisioterapia e 1 espa\u00e7o lounge.<\/p>\n<p>O pr\u00f3ximo espa\u00e7o previsto estar\u00e1 localizado na zona de Portalegre<\/p>\n\n\t\t\t<\/article> <!-- .et_pb_post -->\n\n\t\t\t<article id=\"post-5289\" class=\"et_pb_post post-5289 post type-post status-publish format-standard hentry category-novidades tag-all-united-sports tag-allunitedsports tag-cultura tag-cultura-fitness tag-estrategia-marketing-fitness tag-exercicio-fisico tag-fitness tag-fitness-consulting tag-gestao tag-gestao-de-clubes-de-fitness tag-gestao-de-ginasios tag-gestao-de-ginasios-e-health-clubs tag-gestao-estrategica tag-gestao-na-industria-do-fitness tag-ginasio tag-industria-do-fitness tag-mercado-do-fitness\">\n\n\t\t\n\t\t\t\t<h2 style=\"color:#19b1e5\"><a href=\"https:\/\/www.allunitedsports.com\/news\/estrategias-para-crescer-um-ginasio\/\">Estrat\u00e9gias de crescimento para um gin\u00e1sio<\/a><\/h2>\n\n\t\t\t<p class=\"post-meta\"> 2024\/11\/26 <a href=\"https:\/\/www.allunitedsports.com\/news\/category\/novidades\/\" rel=\"category tag\">Novidades<\/a><\/p><div dir=\"auto\" data-message-author-role=\"assistant\" data-message-id=\"89795abb-f9eb-4155-92dd-fd1e14be1e3f\" data-message-model-slug=\"gpt-4o\">\n<p><a href=\"http:\/\/www.allunitedsports.com\/news\/wp-content\/uploads\/2024\/11\/growth.png\"><img loading=\"lazy\" decoding=\"async\" class=\"alignnone size-full wp-image-5290\" alt=\"growth\" src=\"http:\/\/www.allunitedsports.com\/news\/wp-content\/uploads\/2024\/11\/growth.png\" width=\"1200\" height=\"630\" srcset=\"https:\/\/www.allunitedsports.com\/news\/wp-content\/uploads\/2024\/11\/growth.png 1200w, https:\/\/www.allunitedsports.com\/news\/wp-content\/uploads\/2024\/11\/growth-300x157.png 300w, https:\/\/www.allunitedsports.com\/news\/wp-content\/uploads\/2024\/11\/growth-1024x537.png 1024w, https:\/\/www.allunitedsports.com\/news\/wp-content\/uploads\/2024\/11\/growth-1080x567.png 1080w\" sizes=\"auto, (max-width: 1200px) 100vw, 1200px\" \/><\/a><\/p>\n<p>Para fazer crescer um gin\u00e1sio \u00e9 fundamental que os sistemas, as pol\u00edticas e os procedimentos s\u00e3o os mais corretos para que este seja sustent\u00e1vel e alicer\u00e7ado nas melhores pr\u00e1ticas do mercado. A capacidade de proporcionar uma experi\u00eancia consistente aos membros e a cria\u00e7\u00e3o de uma equipa mais forte s\u00e3o pontos absolutamente cruciais. Para al\u00e9m disso, melhorar a reten\u00e7\u00e3o de membros e ajudar na escalabilidade a longo prazo s\u00e3o objetivos a atingir.<\/p>\n<p>Os cinco principais desafios a superar s\u00e3o:<\/p>\n<ul>\n<li>Gest\u00e3o Financeira &#8211;\u00a0pr\u00e1ticas, processos e estrat\u00e9gias para planear, controlar e monitorizar recursos financeiros de maneira eficiente. O objetivo principal da gest\u00e3o financeira \u00e9 garantir a sa\u00fade econ\u00f3mica, maximizar os lucros e minimizar os riscos, ao mesmo tempo em que se toma decis\u00f5es estrat\u00e9gicas para alcan\u00e7ar metas financeiras de curto e longo prazo.<\/li>\n<\/ul>\n<ul>\n<li>Cria\u00e7\u00e3o de leads &#8211;\u00a0atrair e captar o interesse de potenciais clientes para um produto ou servi\u00e7o, com o objetivo de convert\u00ea-los em compradores ou consumidores, utilizando tanto m\u00e9todos offline como online (ex. Meta Ads ou Google Ads).<\/li>\n<\/ul>\n<ul>\n<li>Avalia\u00e7\u00e3o de Desempenho &#8211;\u00a0processo utilizado para medir e analisar o desempenho dos colaboradores em rela\u00e7\u00e3o \u00e0s suas fun\u00e7\u00f5es, metas e comportamentos no ambiente de trabalho. O objetivo principal \u00e9 identificar pontos fortes, \u00e1reas de melhoria, promover o desenvolvimento profissional e alinhar o desempenho individual com os objetivos estrat\u00e9gicos da organiza\u00e7\u00e3o.<\/li>\n<\/ul>\n<ul>\n<li>Comunica\u00e7\u00e3o &#8211; O que comunica sobre o seu gin\u00e1sio e como o comunica s\u00e3o pontos cruciais para o seu sucesso. A comunica\u00e7\u00e3o tem de ser \u00e1gil e estruturada, sendo que deve elaborar um plano de conte\u00fado para as redes sociais.<\/li>\n<\/ul>\n<ul>\n<li>Gest\u00e3o do hor\u00e1rio do pessoal &#8211; Organizar, monitorizar e otimizar os hor\u00e1rios de trabalho dos colaboradores. Este processo procura garantir que as opera\u00e7\u00f5es s\u00e3o realizadas de forma eficiente, atendendo \u00e0s necessidades do neg\u00f3cio e respeitando as legisla\u00e7\u00f5es e as necessidades dos colaboradores<\/li>\n<\/ul>\n<p>A partir da\u00ed, \u00e9 necess\u00e1rio avaliar algumas das pol\u00edticas e procedimentos mais cr\u00edticos para o seu gin\u00e1sio. Estes incluem o c\u00f3digo de conduta, as pol\u00edticas de reten\u00e7\u00e3o e cancelamento de s\u00f3cios, os procedimentos de sa\u00fade e seguran\u00e7a e uma forma de recolher o feedback dos s\u00f3cios. Ao investir nestes aspectos do neg\u00f3cio, n\u00e3o s\u00f3 ir\u00e1 melhorar a gest\u00e3o di\u00e1ria do gin\u00e1sio, como tamb\u00e9m estar\u00e1 posicionado para o crescimento e sucesso sustent\u00e1vel do gin\u00e1sio.<\/p>\n<p>Estas s\u00e3o as nossas \u00e1reas de atua\u00e7\u00e3o e se necessitar, entre em contacto connosco.<\/p>\n<\/div>\n\n\t\t\t<\/article> <!-- .et_pb_post -->\n<\/div> <!-- .et_pb_posts --><div class=\"pagination clearfix\">\r\n\t<div class=\"alignleft\"><a href=\"https:\/\/www.allunitedsports.com\/news\/wp-json\/wp\/v2\/pages\/485\/page\/2\/\" >&laquo; Not\u00edcias anteriores<\/a><\/div>\r\n\t<div class=\"alignright\"><\/div>\r\n<\/div>\n\t\t\n\t\t<\/div> <!-- .et_pb_column --><div class=\"et_pb_column et_pb_column_1_4\">\n\t\t\t<a href=\"http:\/\/www.allunitedsports.com\"><img decoding=\"async\" src=\"http:\/\/www.allunitedsports.com\/news\/wp-content\/uploads\/2014\/05\/logo-news.png\" alt=\"All United Sports\" class=\"et-waypoint et_pb_image et_pb_animation_top\" \/><\/a><div class=\"et_pb_newsletter clearfix et_pb_bg_layout_light et_pb_text_align_center\" style=\"background-color: #c3dfe5;\">\n\t\t\t<div class=\"et_pb_newsletter_description\">\n\t\t\t\t\n\t\t\t\t\n<p><strong>Receba todas as novidades no seu email.<\/strong> Subscreva a nossa newsletter.<\/p>\n\n\t\t\t<\/div>\n\t\t\t\n\t\t\t<div class=\"et_pb_newsletter_form\">\n\t\t\t\t<div class=\"et_pb_newsletter_result\"><\/div>\n\t\t\t\t<p>\n\t\t\t\t\t<label class=\"et_pb_contact_form_label\" for=\"et_pb_signup_firstname\" style=\"display: none;\">First Name<\/label>\n\t\t\t\t\t<input id=\"et_pb_signup_firstname\" class=\"input\" type=\"text\" value=\"First Name\" name=\"et_pb_signup_firstname\">\n\t\t\t\t<\/p>\n\t\t\t\t<p>\n\t\t\t\t\t<label class=\"et_pb_contact_form_label\" for=\"et_pb_signup_lastname\" style=\"display: none;\">Last Name<\/label>\n\t\t\t\t\t<input id=\"et_pb_signup_lastname\" class=\"input\" type=\"text\" value=\"Last Name\" name=\"et_pb_signup_lastname\">\n\t\t\t\t<\/p>\n\t\t\t\t<p>\n\t\t\t\t\t<label class=\"et_pb_contact_form_label\" for=\"et_pb_signup_email\" style=\"display: none;\">Email Address<\/label>\n\t\t\t\t\t<input id=\"et_pb_signup_email\" class=\"input\" type=\"text\" value=\"Email Address\" name=\"et_pb_signup_email\">\n\t\t\t\t<\/p>\n\t\t\t\t<p><a class=\"et_pb_newsletter_button\" href=\"#\">Subscrever<\/a><\/p>\n\t\t\t\t<input type=\"hidden\" value=\"24deddda33\" name=\"et_pb_signup_list_id\" \/>\n\t\t\t<\/div>\n\t\t<\/div>\n\t\t<\/div> <!-- .et_pb_column -->\n\t\t<\/div> <!-- .et_pb_row -->\n\t\t\t\n\t\t<\/div> <!-- .et_pb_section -->\n","protected":false},"excerpt":{"rendered":"","protected":false},"author":1,"featured_media":0,"parent":0,"menu_order":0,"comment_status":"open","ping_status":"open","template":"","meta":{"footnotes":""},"class_list":["post-485","page","type-page","status-publish","hentry"],"_links":{"self":[{"href":"https:\/\/www.allunitedsports.com\/news\/wp-json\/wp\/v2\/pages\/485","targetHints":{"allow":["GET"]}}],"collection":[{"href":"https:\/\/www.allunitedsports.com\/news\/wp-json\/wp\/v2\/pages"}],"about":[{"href":"https:\/\/www.allunitedsports.com\/news\/wp-json\/wp\/v2\/types\/page"}],"author":[{"embeddable":true,"href":"https:\/\/www.allunitedsports.com\/news\/wp-json\/wp\/v2\/users\/1"}],"replies":[{"embeddable":true,"href":"https:\/\/www.allunitedsports.com\/news\/wp-json\/wp\/v2\/comments?post=485"}],"version-history":[{"count":32,"href":"https:\/\/www.allunitedsports.com\/news\/wp-json\/wp\/v2\/pages\/485\/revisions"}],"predecessor-version":[{"id":665,"href":"https:\/\/www.allunitedsports.com\/news\/wp-json\/wp\/v2\/pages\/485\/revisions\/665"}],"wp:attachment":[{"href":"https:\/\/www.allunitedsports.com\/news\/wp-json\/wp\/v2\/media?parent=485"}],"curies":[{"name":"wp","href":"https:\/\/api.w.org\/{rel}","templated":true}]}}